{"id":557,"date":"2023-12-01T22:50:43","date_gmt":"2023-12-01T22:50:43","guid":{"rendered":"https:\/\/bordrox.com\/?page_id=557"},"modified":"2023-12-03T20:03:40","modified_gmt":"2023-12-03T20:03:40","slug":"incentive-no-16322-25510","status":"publish","type":"page","link":"https:\/\/bordrox.com\/en\/incentive-no-16322-25510\/","title":{"rendered":"Incentive No 16322\/25510"},"content":{"rendered":"\t\t<div data-elementor-type=\"wp-page\" data-elementor-id=\"557\" class=\"elementor elementor-557 elementor-212\" data-elementor-post-type=\"page\">\n\t\t\t\t\t\t\t<div data-particle_enable=\"false\" data-particle-mobile-disabled=\"false\" class=\"elementor-element elementor-element-36365b6a e-flex e-con-boxed e-con e-parent\" data-id=\"36365b6a\" data-element_type=\"container\" data-settings=\"{&quot;content_width&quot;:&quot;boxed&quot;,&quot;ekit_has_onepagescroll_dot&quot;:&quot;yes&quot;}\" data-core-v316-plus=\"true\">\n\t\t\t\t\t<div class=\"e-con-inner\">\n\t\t<div data-particle_enable=\"false\" data-particle-mobile-disabled=\"false\" class=\"elementor-element elementor-element-112001c2 e-con-full e-flex e-con e-child\" data-id=\"112001c2\" data-element_type=\"container\" data-settings=\"{&quot;content_width&quot;:&quot;full&quot;,&quot;ekit_has_onepagescroll_dot&quot;:&quot;yes&quot;}\">\n\t\t\t\t<div class=\"elementor-element elementor-element-672af38 elementor-widget elementor-widget-heading\" data-id=\"672af38\" data-element_type=\"widget\" data-settings=\"{&quot;ekit_we_effect_on&quot;:&quot;none&quot;}\" data-widget_type=\"heading.default\">\n\t\t\t\t<div class=\"elementor-widget-container\">\n\t\t\t<style>\/*! elementor - v3.17.0 - 08-11-2023 *\/\n.elementor-heading-title{padding:0;margin:0;line-height:1}.elementor-widget-heading .elementor-heading-title[class*=elementor-size-]>a{color:inherit;font-size:inherit;line-height:inherit}.elementor-widget-heading .elementor-heading-title.elementor-size-small{font-size:15px}.elementor-widget-heading .elementor-heading-title.elementor-size-medium{font-size:19px}.elementor-widget-heading .elementor-heading-title.elementor-size-large{font-size:29px}.elementor-widget-heading .elementor-heading-title.elementor-size-xl{font-size:39px}.elementor-widget-heading .elementor-heading-title.elementor-size-xxl{font-size:59px}<\/style><h1 class=\"elementor-heading-title elementor-size-default\">INCENTIVE NO 16322\/25510<\/h1>\t\t<\/div>\n\t\t\t\t<\/div>\n\t\t\t\t<div class=\"elementor-element elementor-element-40c09b26 elementor-widget elementor-widget-heading\" data-id=\"40c09b26\" data-element_type=\"widget\" data-settings=\"{&quot;ekit_we_effect_on&quot;:&quot;none&quot;}\" data-widget_type=\"heading.default\">\n\t\t\t\t<div class=\"elementor-widget-container\">\n\t\t\t<h2 class=\"elementor-heading-title elementor-size-default\">Incentive Discount Transactions<\/h2>\t\t<\/div>\n\t\t\t\t<\/div>\n\t\t\t\t<\/div>\n\t\t\t\t\t<\/div>\n\t\t\t\t<\/div>\n\t\t<div data-particle_enable=\"false\" data-particle-mobile-disabled=\"false\" class=\"elementor-element elementor-element-2db1bd76 e-flex e-con-boxed e-con e-parent\" data-id=\"2db1bd76\" data-element_type=\"container\" data-settings=\"{&quot;content_width&quot;:&quot;boxed&quot;,&quot;ekit_has_onepagescroll_dot&quot;:&quot;yes&quot;}\" data-core-v316-plus=\"true\">\n\t\t\t\t\t<div class=\"e-con-inner\">\n\t\t<div data-particle_enable=\"false\" data-particle-mobile-disabled=\"false\" class=\"elementor-element elementor-element-748190e8 e-con-full e-flex e-con e-child\" data-id=\"748190e8\" data-element_type=\"container\" data-settings=\"{&quot;content_width&quot;:&quot;full&quot;,&quot;ekit_has_onepagescroll_dot&quot;:&quot;yes&quot;}\">\n\t\t\t\t<div class=\"elementor-element elementor-element-513e9b06 elementor-widget elementor-widget-image\" data-id=\"513e9b06\" data-element_type=\"widget\" data-settings=\"{&quot;ekit_we_effect_on&quot;:&quot;none&quot;}\" data-widget_type=\"image.default\">\n\t\t\t\t<div class=\"elementor-widget-container\">\n\t\t\t<style>\/*! elementor - v3.17.0 - 08-11-2023 *\/\n.elementor-widget-image{text-align:center}.elementor-widget-image a{display:inline-block}.elementor-widget-image a img[src$=\".svg\"]{width:48px}.elementor-widget-image img{vertical-align:middle;display:inline-block}<\/style>\t\t\t\t\t\t\t\t\t\t\t\t<img fetchpriority=\"high\" decoding=\"async\" width=\"800\" height=\"860\" src=\"https:\/\/bordrox.com\/wp-content\/uploads\/2023\/12\/342-953x1024.jpg\" class=\"attachment-large size-large wp-image-372\" alt=\"\" srcset=\"https:\/\/bordrox.com\/wp-content\/uploads\/2023\/12\/342-953x1024.jpg 953w, https:\/\/bordrox.com\/wp-content\/uploads\/2023\/12\/342-279x300.jpg 279w, https:\/\/bordrox.com\/wp-content\/uploads\/2023\/12\/342-768x826.jpg 768w, https:\/\/bordrox.com\/wp-content\/uploads\/2023\/12\/342.jpg 1000w\" sizes=\"(max-width: 800px) 100vw, 800px\" \/>\t\t\t\t\t\t\t\t\t\t\t\t\t\t\t<\/div>\n\t\t\t\t<\/div>\n\t\t\t\t<\/div>\n\t\t<div data-particle_enable=\"false\" data-particle-mobile-disabled=\"false\" class=\"elementor-element elementor-element-eb0cc77 e-con-full e-flex e-con e-child\" data-id=\"eb0cc77\" data-element_type=\"container\" data-settings=\"{&quot;content_width&quot;:&quot;full&quot;,&quot;ekit_has_onepagescroll_dot&quot;:&quot;yes&quot;}\">\n\t\t<div data-particle_enable=\"false\" data-particle-mobile-disabled=\"false\" class=\"elementor-element elementor-element-21f75477 e-con-full e-flex e-con e-child\" data-id=\"21f75477\" data-element_type=\"container\" data-settings=\"{&quot;content_width&quot;:&quot;full&quot;,&quot;ekit_has_onepagescroll_dot&quot;:&quot;yes&quot;}\">\n\t\t\t\t<div class=\"elementor-element elementor-element-3e358dbb elementor-widget elementor-widget-text-editor\" data-id=\"3e358dbb\" data-element_type=\"widget\" data-settings=\"{&quot;ekit_we_effect_on&quot;:&quot;none&quot;}\" data-widget_type=\"text-editor.default\">\n\t\t\t\t<div class=\"elementor-widget-container\">\n\t\t\t<style>\/*! elementor - v3.17.0 - 08-11-2023 *\/\n.elementor-widget-text-editor.elementor-drop-cap-view-stacked .elementor-drop-cap{background-color:#69727d;color:#fff}.elementor-widget-text-editor.elementor-drop-cap-view-framed .elementor-drop-cap{color:#69727d;border:3px solid;background-color:transparent}.elementor-widget-text-editor:not(.elementor-drop-cap-view-default) .elementor-drop-cap{margin-top:8px}.elementor-widget-text-editor:not(.elementor-drop-cap-view-default) .elementor-drop-cap-letter{width:1em;height:1em}.elementor-widget-text-editor .elementor-drop-cap{float:left;text-align:center;line-height:1;font-size:50px}.elementor-widget-text-editor .elementor-drop-cap-letter{display:inline-block}<\/style>\t\t\t\t<h2><strong>16322 \/ 25510 Investment Document Incentive<\/strong><\/h2><p>16322 \/ 25510 Investment Certificate incentive is one of the incentives provided by the state to enterprises. On 15 June 2012, the scope, objectives and conditions of the investment certificate incentive were clearly determined by the Council of Ministers. The incentive, which can be called the investment incentive certificate or investment certificate incentive, is the support provided to investors in the areas such as building construction expenditures and various purchases of machinery and equipment. Investment incentives in our country consist of 6 different regions. Different support applications are carried out according to the characteristics of the investors in these regions.<\/p>\t\t\t\t\t\t<\/div>\n\t\t\t\t<\/div>\n\t\t\t\t<\/div>\n\t\t<div data-particle_enable=\"false\" data-particle-mobile-disabled=\"false\" class=\"elementor-element elementor-element-6aa4fe79 e-con-full e-flex e-con e-child\" data-id=\"6aa4fe79\" data-element_type=\"container\" data-settings=\"{&quot;content_width&quot;:&quot;full&quot;,&quot;ekit_has_onepagescroll_dot&quot;:&quot;yes&quot;}\">\n\t\t\t\t<div class=\"elementor-element elementor-element-69b5c550 elementor-widget elementor-widget-text-editor\" data-id=\"69b5c550\" data-element_type=\"widget\" data-settings=\"{&quot;ekit_we_effect_on&quot;:&quot;none&quot;}\" data-widget_type=\"text-editor.default\">\n\t\t\t\t<div class=\"elementor-widget-container\">\n\t\t\t\t\t\t\t<h2>16322 \/ 25510 Who Can Not Benefit from The Investment Certificate Incentive?<\/h2><p>As with every government incentive, we can mention the existence of companies and organizations that do not benefit from the Investment Certificate incentive of 16322 \/ 25510.<\/p><p>Accordingly, we can explain the investors who do not benefit from the Investment Certificate incentive 16322 \/ 25510 as follows.<\/p><ul><li>Projects not yet completed,<\/li><li>Investments that are incomplete or have some characteristics that need to be developed in terms of the sector,<\/li><\/ul>\t\t\t\t\t\t<\/div>\n\t\t\t\t<\/div>\n\t\t\t\t<\/div>\n\t\t\t\t<\/div>\n\t\t\t\t\t<\/div>\n\t\t\t\t<\/div>\n\t\t<div data-particle_enable=\"false\" data-particle-mobile-disabled=\"false\" class=\"elementor-element elementor-element-69886ffd e-flex e-con-boxed e-con e-parent\" data-id=\"69886ffd\" data-element_type=\"container\" data-settings=\"{&quot;content_width&quot;:&quot;boxed&quot;,&quot;ekit_has_onepagescroll_dot&quot;:&quot;yes&quot;}\" data-core-v316-plus=\"true\">\n\t\t\t\t\t<div class=\"e-con-inner\">\n\t\t\t\t<div class=\"elementor-element elementor-element-76b3b535 elementor-widget elementor-widget-text-editor\" data-id=\"76b3b535\" data-element_type=\"widget\" data-settings=\"{&quot;ekit_we_effect_on&quot;:&quot;none&quot;}\" data-widget_type=\"text-editor.default\">\n\t\t\t\t<div class=\"elementor-widget-container\">\n\t\t\t\t\t\t\t<ul><li>16322 \/ 25510 investments where the date of application for promotion of Document Certificate is omitted,<\/li><li>Machinery, equipment and various equipment used in the investment,<\/li><li>Printing machines other than vehicles that provide newspaper printing services,<\/li><li>Aircraft or helicopters to be used for air transport,<\/li><li>16322 \/ 25510 Investment Certificate incentive is not provided for animal husbandry and food investments on issues such as trucks and safes, refrigerated safes and vans. We can also express the future of rejection if investors operating in these areas apply.<\/li><\/ul><h3>16322 \/ 25510 Investment Document Promotion Zones<\/h3><p>16322 \/ 25510 Investment Document Incentive Zones are as follows:<\/p><table width=\"600\"><tbody><tr><td width=\"93\"><strong>1.Region<\/strong><\/td><td width=\"87\"><strong>2. Region<\/strong><\/td><td width=\"87\"><strong>3. Region<\/strong><\/td><td width=\"104\"><strong>4. Region<\/strong><\/td><td width=\"87\"><strong>5. Region<\/strong><\/td><td width=\"87\"><strong>6. Region\u00a0<\/strong><\/td><\/tr><tr><td width=\"93\">Ankara<\/td><td width=\"87\">Adana<\/td><td width=\"87\">Bal\u0131kesir<\/td><td width=\"104\">Afyonkarahisar<\/td><td width=\"87\">Ad\u0131yaman<\/td><td width=\"87\">A\u011fr\u0131<\/td><\/tr><tr><td width=\"93\">Antalya<\/td><td width=\"87\">Ayd\u0131n<\/td><td width=\"87\">Bilecik<\/td><td width=\"104\">Amasya<\/td><td width=\"87\">Aksaray<\/td><td width=\"87\">Ardahan<\/td><\/tr><tr><td width=\"93\">Bursa<\/td><td width=\"87\">Bolu<\/td><td width=\"87\">Burdur<\/td><td width=\"104\">Artvin<\/td><td width=\"87\">Bayburt<\/td><td width=\"87\">Batman<\/td><\/tr><tr><td width=\"93\">Eski\u015fehir<\/td><td width=\"87\">\u00c7anakkale<\/td><td width=\"87\">Gaziantep<\/td><td width=\"104\">Bart\u0131n<\/td><td width=\"87\">\u00c7ank\u0131r\u0131<\/td><td width=\"87\">Bing\u00f6l<\/td><\/tr><tr><td width=\"93\">\u0130stanbul<\/td><td width=\"87\">Denizli<\/td><td width=\"87\">Karab\u00fck<\/td><td width=\"104\">\u00c7orum<\/td><td width=\"87\">Erzurum<\/td><td width=\"87\">Bitlis<\/td><\/tr><tr><td width=\"93\">izmir<\/td><td width=\"87\">Edirne<\/td><td width=\"87\">Karaman<\/td><td width=\"104\">D\u00fczce<\/td><td width=\"87\">Giresun<\/td><td width=\"87\">Diyarbak\u0131r<\/td><\/tr><tr><td width=\"93\">Kocaeli<\/td><td width=\"87\">\u0130sparta<\/td><td width=\"87\">Manisa<\/td><td width=\"104\">Elaz\u0131\u011f<\/td><td width=\"87\">G\u00fcm\u00fc\u015fhane<\/td><td width=\"87\">Hakkari<\/td><\/tr><tr><td width=\"93\">Mu\u011fla<\/td><td width=\"87\">Kayseri<\/td><td width=\"87\">Mersin<\/td><td width=\"104\">Erzincan<\/td><td width=\"87\">K.mara\u015f<\/td><td width=\"87\">I\u011fd\u0131r<\/td><\/tr><tr><td width=\"93\">\u00a0<\/td><td width=\"87\">K\u0131rklareli<\/td><td width=\"87\">Samsun<\/td><td width=\"104\">Hatay<\/td><td width=\"87\">Kilis<\/td><td width=\"87\">Kars<\/td><\/tr><tr><td width=\"93\">\u00a0<\/td><td width=\"87\">Konya<\/td><td width=\"87\">Trabzon<\/td><td width=\"104\">Kastamonu<\/td><td width=\"87\">Ni\u011fde<\/td><td width=\"87\">Mardin<\/td><\/tr><tr><td width=\"93\">\u00a0<\/td><td width=\"87\">Sakarya<\/td><td width=\"87\">U\u015fak<\/td><td width=\"104\">K\u0131r\u0131kkale<\/td><td width=\"87\">Ordu<\/td><td width=\"87\">Mu\u015f<\/td><\/tr><tr><td width=\"93\">\u00a0<\/td><td width=\"87\">Tekirda\u011f<\/td><td width=\"87\">Zonguldak<\/td><td width=\"104\">K\u0131r\u015fehir<\/td><td width=\"87\">Osmaniye<\/td><td width=\"87\">Siirt<\/td><\/tr><tr><td width=\"93\">\u00a0<\/td><td width=\"87\">Yalova<\/td><td width=\"87\">\u00a0<\/td><td width=\"104\">K\u00fctahya<\/td><td width=\"87\">Sinop<\/td><td width=\"87\">\u015eanl\u0131urfa<\/td><\/tr><tr><td width=\"93\">\u00a0<\/td><td width=\"87\">\u00a0<\/td><td width=\"87\">\u00a0<\/td><td width=\"104\">Malatya<\/td><td width=\"87\">Tokat<\/td><td width=\"87\">\u015e\u0131rnak<\/td><\/tr><tr><td width=\"93\">\u00a0<\/td><td width=\"87\">\u00a0<\/td><td width=\"87\">\u00a0<\/td><td width=\"104\">Nev\u015fehir<\/td><td width=\"87\">Tunceli<\/td><td width=\"87\">Van<\/td><\/tr><tr><td width=\"93\">\u00a0<\/td><td width=\"87\">\u00a0<\/td><td width=\"87\">\u00a0<\/td><td width=\"104\">Rize<\/td><td width=\"87\">Yozgat<\/td><td width=\"87\">\u00a0<\/td><\/tr><tr><td width=\"93\">\u00a0<\/td><td width=\"87\">\u00a0<\/td><td width=\"87\">\u00a0<\/td><td width=\"104\">Sivas<\/td><td>\u00a0<\/td><td>\u00a0<\/td><\/tr><\/tbody><\/table><h3><strong>Who Can Apply for Investment Incentive Certificate?<\/strong><\/h3><p>In order to apply for the investment incentive certificate, you must have a real person, ordinary partnership or one of the capital companies. Moreover, cooperatives, business partners, government agencies, unions, special provincial administrations, municipalities, public companies, public enterprises, associations and foundations may apply to the investment incentive certificate. Applications of institutions, enterprises and organizations that do not have the mentioned qualifications are not included in the evaluation.<\/p><h3><strong>Documents Required for 16322\/25510 Investment Certificate Incentive<\/strong><\/h3><p>16322 \/ 25510 Investment Certificate the necessary documents for the incentive application are as follows.<\/p><ul><li>Application petition signed by the investor (people who have the authority to sign may also prepare),<\/li><li>Signature circular received from notary public,<\/li><li>List of machinery and equipment with signature on each page, depending on condition by institutions and organizations,<\/li><li>Receipt for payment of Application Fee,<\/li><li>Original or notarized copy of the Turkish Commercial Registry Gazette and the Turkish tradesmen and artisans Registry Gazette,<\/li><li>Document regarding no penalty for public institutions, SSI debt and administrative premium penalty,<\/li><li>The Environmental Impact Assessment positive or environmental impact assessment is not required in the form of the writings of that decision,<\/li><li>Article on investment subject, sectoral information, technical and financial analysis,<\/li><li>Notarized power of attorney if investment incentive transactions are prepared by an advisor.<\/li><\/ul><p>They can also be requested in different documents depending on the type of investment and the sector.<\/p><h3><strong>16322 \/ 25510 Investment Certificate Promotion Support Elements<\/strong><\/h3><p>The following support elements can also be provided to investors who meet the necessary conditions.<\/p><ul><li>VAT exemption,<\/li><li>Customs duty exemption,<\/li><li>Tax relief,<\/li><li>Premium employer and employee share support,<\/li><li>Interest support,<\/li><li>Income tax withholding support,<\/li><li>Investment location support,<\/li><li>VAT refund,<\/li><\/ul>\t\t\t\t\t\t<\/div>\n\t\t\t\t<\/div>\n\t\t\t\t\t<\/div>\n\t\t\t\t<\/div>\n\t\t\t\t\t\t\t<\/div>\n\t\t","protected":false},"excerpt":{"rendered":"<p>INCENTIVE NO 16322\/25510 Incentive Discount Transactions 16322 \/ 25510 Investment Document Incentive 16322 \/ 25510 Investment Certificate incentive is one of the incentives provided by the state to enterprises. On 15 June 2012, the scope, objectives and conditions of the investment certificate incentive were clearly determined by the Council of Ministers. The incentive, which can [&hellip;]<\/p>\n","protected":false},"author":1,"featured_media":0,"parent":0,"menu_order":0,"comment_status":"closed","ping_status":"closed","template":"","meta":{"footnotes":""},"class_list":["post-557","page","type-page","status-publish","hentry"],"acf":[],"yoast_head":"<!-- This site is optimized with the Yoast SEO Premium plugin v21.6 (Yoast SEO v21.6) - https:\/\/yoast.com\/wordpress\/plugins\/seo\/ -->\n<title>Incentive No 16322\/25510 | Bordrox Global Human Resources<\/title>\n<meta name=\"description\" content=\"16322 \/ 25510 Investment Certificate incentive is one of the incentives provided by the state to enterprises.\" \/>\n<meta name=\"robots\" content=\"index, follow, max-snippet:-1, max-image-preview:large, max-video-preview:-1\" \/>\n<link rel=\"canonical\" href=\"https:\/\/bordrox.com\/en\/incentive-no-16322-25510\/\" \/>\n<meta property=\"og:locale\" content=\"en_US\" \/>\n<meta property=\"og:type\" content=\"article\" \/>\n<meta property=\"og:title\" content=\"Incentive No 16322\/25510\" \/>\n<meta property=\"og:description\" content=\"16322 \/ 25510 Investment Certificate incentive is one of the incentives provided by the state to enterprises.\" \/>\n<meta property=\"og:url\" content=\"https:\/\/bordrox.com\/en\/incentive-no-16322-25510\/\" \/>\n<meta property=\"og:site_name\" content=\"Bordrox Bordro Hizmetleri\" \/>\n<meta property=\"article:modified_time\" content=\"2023-12-03T20:03:40+00:00\" \/>\n<meta property=\"og:image\" content=\"https:\/\/bordrox.com\/wp-content\/uploads\/2023\/12\/342-953x1024.jpg\" \/>\n<meta name=\"twitter:card\" content=\"summary_large_image\" \/>\n<meta name=\"twitter:label1\" content=\"Est. reading time\" \/>\n\t<meta name=\"twitter:data1\" content=\"4 minutes\" \/>\n<script type=\"application\/ld+json\" class=\"yoast-schema-graph\">{\"@context\":\"https:\/\/schema.org\",\"@graph\":[{\"@type\":\"WebPage\",\"@id\":\"https:\/\/bordrox.com\/en\/incentive-no-16322-25510\/\",\"url\":\"https:\/\/bordrox.com\/en\/incentive-no-16322-25510\/\",\"name\":\"Incentive No 16322\/25510 | Bordrox Global Human Resources\",\"isPartOf\":{\"@id\":\"https:\/\/bordrox.com\/en\/#website\"},\"datePublished\":\"2023-12-01T22:50:43+00:00\",\"dateModified\":\"2023-12-03T20:03:40+00:00\",\"description\":\"16322 \/ 25510 Investment Certificate incentive is one of the incentives provided by the state to enterprises.\",\"breadcrumb\":{\"@id\":\"https:\/\/bordrox.com\/en\/incentive-no-16322-25510\/#breadcrumb\"},\"inLanguage\":\"en-US\",\"potentialAction\":[{\"@type\":\"ReadAction\",\"target\":[\"https:\/\/bordrox.com\/en\/incentive-no-16322-25510\/\"]}]},{\"@type\":\"BreadcrumbList\",\"@id\":\"https:\/\/bordrox.com\/en\/incentive-no-16322-25510\/#breadcrumb\",\"itemListElement\":[{\"@type\":\"ListItem\",\"position\":1,\"name\":\"Home\",\"item\":\"https:\/\/bordrox.com\/en\/\"},{\"@type\":\"ListItem\",\"position\":2,\"name\":\"Incentive No 16322\/25510\"}]},{\"@type\":\"WebSite\",\"@id\":\"https:\/\/bordrox.com\/en\/#website\",\"url\":\"https:\/\/bordrox.com\/en\/\",\"name\":\"Bordrox Bordro Hizmetleri\",\"description\":\"\",\"potentialAction\":[{\"@type\":\"SearchAction\",\"target\":{\"@type\":\"EntryPoint\",\"urlTemplate\":\"https:\/\/bordrox.com\/en\/?s={search_term_string}\"},\"query-input\":\"required name=search_term_string\"}],\"inLanguage\":\"en-US\"}]}<\/script>\n<!-- \/ Yoast SEO Premium plugin. -->","yoast_head_json":{"title":"Incentive No 16322\/25510 | Bordrox Global Human Resources","description":"16322 \/ 25510 Investment Certificate incentive is one of the incentives provided by the state to enterprises.","robots":{"index":"index","follow":"follow","max-snippet":"max-snippet:-1","max-image-preview":"max-image-preview:large","max-video-preview":"max-video-preview:-1"},"canonical":"https:\/\/bordrox.com\/en\/incentive-no-16322-25510\/","og_locale":"en_US","og_type":"article","og_title":"Incentive No 16322\/25510","og_description":"16322 \/ 25510 Investment Certificate incentive is one of the incentives provided by the state to enterprises.","og_url":"https:\/\/bordrox.com\/en\/incentive-no-16322-25510\/","og_site_name":"Bordrox Bordro Hizmetleri","article_modified_time":"2023-12-03T20:03:40+00:00","og_image":[{"url":"https:\/\/bordrox.com\/wp-content\/uploads\/2023\/12\/342-953x1024.jpg"}],"twitter_card":"summary_large_image","twitter_misc":{"Est. reading time":"4 minutes"},"schema":{"@context":"https:\/\/schema.org","@graph":[{"@type":"WebPage","@id":"https:\/\/bordrox.com\/en\/incentive-no-16322-25510\/","url":"https:\/\/bordrox.com\/en\/incentive-no-16322-25510\/","name":"Incentive No 16322\/25510 | Bordrox Global Human Resources","isPartOf":{"@id":"https:\/\/bordrox.com\/en\/#website"},"datePublished":"2023-12-01T22:50:43+00:00","dateModified":"2023-12-03T20:03:40+00:00","description":"16322 \/ 25510 Investment Certificate incentive is one of the incentives provided by the state to enterprises.","breadcrumb":{"@id":"https:\/\/bordrox.com\/en\/incentive-no-16322-25510\/#breadcrumb"},"inLanguage":"en-US","potentialAction":[{"@type":"ReadAction","target":["https:\/\/bordrox.com\/en\/incentive-no-16322-25510\/"]}]},{"@type":"BreadcrumbList","@id":"https:\/\/bordrox.com\/en\/incentive-no-16322-25510\/#breadcrumb","itemListElement":[{"@type":"ListItem","position":1,"name":"Home","item":"https:\/\/bordrox.com\/en\/"},{"@type":"ListItem","position":2,"name":"Incentive No 16322\/25510"}]},{"@type":"WebSite","@id":"https:\/\/bordrox.com\/en\/#website","url":"https:\/\/bordrox.com\/en\/","name":"Bordrox Bordro Hizmetleri","description":"","potentialAction":[{"@type":"SearchAction","target":{"@type":"EntryPoint","urlTemplate":"https:\/\/bordrox.com\/en\/?s={search_term_string}"},"query-input":"required name=search_term_string"}],"inLanguage":"en-US"}]}},"_links":{"self":[{"href":"https:\/\/bordrox.com\/en\/wp-json\/wp\/v2\/pages\/557","targetHints":{"allow":["GET"]}}],"collection":[{"href":"https:\/\/bordrox.com\/en\/wp-json\/wp\/v2\/pages"}],"about":[{"href":"https:\/\/bordrox.com\/en\/wp-json\/wp\/v2\/types\/page"}],"author":[{"embeddable":true,"href":"https:\/\/bordrox.com\/en\/wp-json\/wp\/v2\/users\/1"}],"replies":[{"embeddable":true,"href":"https:\/\/bordrox.com\/en\/wp-json\/wp\/v2\/comments?post=557"}],"version-history":[{"count":4,"href":"https:\/\/bordrox.com\/en\/wp-json\/wp\/v2\/pages\/557\/revisions"}],"predecessor-version":[{"id":563,"href":"https:\/\/bordrox.com\/en\/wp-json\/wp\/v2\/pages\/557\/revisions\/563"}],"wp:attachment":[{"href":"https:\/\/bordrox.com\/en\/wp-json\/wp\/v2\/media?parent=557"}],"curies":[{"name":"wp","href":"https:\/\/api.w.org\/{rel}","templated":true}]}}